{"id":52,"date":"2022-07-01T01:20:42","date_gmt":"2022-06-30T23:20:42","guid":{"rendered":"https:\/\/christophneuwirth.com\/?page_id=52"},"modified":"2024-06-01T09:56:47","modified_gmt":"2024-06-01T07:56:47","slug":"kontakt","status":"publish","type":"page","link":"https:\/\/christophneuwirth.com\/en\/kontakt\/","title":{"rendered":"Contact"},"content":{"rendered":"\t\t<div data-elementor-type=\"wp-page\" data-elementor-id=\"52\" class=\"elementor elementor-52\" data-elementor-post-type=\"page\">\n\t\t\t\t<div class=\"elementor-element elementor-element-39e19d8 e-flex e-con-boxed e-con e-parent\" data-id=\"39e19d8\" data-element_type=\"container\" data-e-type=\"container\">\n\t\t\t\t\t<div class=\"e-con-inner\">\n\t\t\t\t<div class=\"elementor-element elementor-element-12db308 elementor-widget elementor-widget-theme-post-title elementor-page-title elementor-widget-heading\" data-id=\"12db308\" data-element_type=\"widget\" data-e-type=\"widget\" data-widget_type=\"theme-post-title.default\">\n\t\t\t\t\t<h1 class=\"elementor-heading-title elementor-size-default\">Kontakt<\/h1>\t\t\t\t<\/div>\n\t\t\t\t\t<\/div>\n\t\t\t\t<\/div>\n\t\t<div class=\"elementor-element elementor-element-1a6c0c7 e-flex e-con-boxed e-con e-parent\" data-id=\"1a6c0c7\" data-element_type=\"container\" data-e-type=\"container\" data-settings=\"{&quot;background_background&quot;:&quot;classic&quot;}\">\n\t\t\t\t\t<div class=\"e-con-inner\">\n\t\t\t\t<div class=\"elementor-element elementor-element-d82035f elementor-button-align-stretch elementor-widget elementor-widget-form\" data-id=\"d82035f\" data-element_type=\"widget\" data-e-type=\"widget\" data-settings=\"{&quot;step_next_label&quot;:&quot;N\\u00e4chster&quot;,&quot;step_previous_label&quot;:&quot;Voriger&quot;,&quot;button_width&quot;:&quot;100&quot;,&quot;step_type&quot;:&quot;number_text&quot;,&quot;step_icon_shape&quot;:&quot;circle&quot;}\" data-widget_type=\"form.default\">\n\t\t\t\t\t\t\t<form class=\"elementor-form\" method=\"post\" name=\"Neues Formular\" aria-label=\"Neues Formular\">\n\t\t\t<input type=\"hidden\" name=\"post_id\" value=\"52\"\/>\n\t\t\t<input type=\"hidden\" name=\"form_id\" value=\"d82035f\"\/>\n\t\t\t<input type=\"hidden\" name=\"referer_title\" value=\"Christoph Neuwirth\" \/>\n\n\t\t\t\n\t\t\t<div class=\"elementor-form-fields-wrapper elementor-labels-\">\n\t\t\t\t\t\t\t\t<div class=\"elementor-field-type-text\">\n\t\t\t\t\t<input size=\"1\" type=\"text\" name=\"form_fields[field_1915bdd]\" id=\"form-field-field_1915bdd\" class=\"elementor-field elementor-size-sm \" style=\"display:none !important;\">\t\t\t\t<\/div>\n\t\t\t\t\t\t\t\t<div class=\"elementor-field-type-text\">\n\t\t\t\t\t<input size=\"1\" type=\"text\" name=\"form_fields[field_cc60bb5]\" id=\"form-field-field_cc60bb5\" class=\"elementor-field elementor-size-sm \" style=\"display:none !important;\">\t\t\t\t<\/div>\n\t\t\t\t\t\t\t\t<div class=\"elementor-field-type-text elementor-field-group elementor-column elementor-field-group-name elementor-col-100\">\n\t\t\t\t\t\t\t\t\t\t\t\t<label for=\"form-field-name\" class=\"elementor-field-label elementor-screen-only\">\n\t\t\t\t\t\t\t\tName\t\t\t\t\t\t\t<\/label>\n\t\t\t\t\t\t\t\t\t\t\t\t\t\t<input size=\"1\" type=\"text\" name=\"form_fields[name]\" id=\"form-field-name\" class=\"elementor-field elementor-size-sm  elementor-field-textual\" placeholder=\"Name\">\n\t\t\t\t\t\t\t\t\t\t\t<\/div>\n\t\t\t\t\t\t\t\t<div class=\"elementor-field-type-text\">\n\t\t\t\t\t<input size=\"1\" type=\"text\" name=\"form_fields[field_5e81f94]\" id=\"form-field-field_5e81f94\" class=\"elementor-field elementor-size-sm \" style=\"display:none !important;\">\t\t\t\t<\/div>\n\t\t\t\t\t\t\t\t<div class=\"elementor-field-type-text\">\n\t\t\t\t\t<input size=\"1\" type=\"text\" name=\"form_fields[field_50850bb]\" id=\"form-field-field_50850bb\" class=\"elementor-field elementor-size-sm \" style=\"display:none !important;\">\t\t\t\t<\/div>\n\t\t\t\t\t\t\t\t<div class=\"elementor-field-type-text\">\n\t\t\t\t\t<input size=\"1\" type=\"text\" name=\"form_fields[field_1c4de35]\" id=\"form-field-field_1c4de35\" class=\"elementor-field elementor-size-sm \" style=\"display:none !important;\">\t\t\t\t<\/div>\n\t\t\t\t\t\t\t\t<div class=\"elementor-field-type-text\">\n\t\t\t\t\t<input size=\"1\" type=\"text\" name=\"form_fields[field_d3e8bf7]\" id=\"form-field-field_d3e8bf7\" class=\"elementor-field elementor-size-sm \" style=\"display:none !important;\">\t\t\t\t<\/div>\n\t\t\t\t\t\t\t\t<div class=\"elementor-field-type-text\">\n\t\t\t\t\t<input size=\"1\" type=\"text\" name=\"form_fields[field_d10f8ad]\" id=\"form-field-field_d10f8ad\" class=\"elementor-field elementor-size-sm \" style=\"display:none !important;\">\t\t\t\t<\/div>\n\t\t\t\t\t\t\t\t<div class=\"elementor-field-type-email elementor-field-group elementor-column elementor-field-group-email elementor-col-100 elementor-field-required\">\n\t\t\t\t\t\t\t\t\t\t\t\t<label for=\"form-field-email\" class=\"elementor-field-label elementor-screen-only\">\n\t\t\t\t\t\t\t\tE-Mail\t\t\t\t\t\t\t<\/label>\n\t\t\t\t\t\t\t\t\t\t\t\t\t\t<input size=\"1\" type=\"email\" name=\"form_fields[email]\" id=\"form-field-email\" class=\"elementor-field elementor-size-sm  elementor-field-textual\" placeholder=\"E-Mail\" required=\"required\">\n\t\t\t\t\t\t\t\t\t\t\t<\/div>\n\t\t\t\t\t\t\t\t<div class=\"elementor-field-type-textarea elementor-field-group elementor-column elementor-field-group-message elementor-col-100\">\n\t\t\t\t\t\t\t\t\t\t\t\t<label for=\"form-field-message\" class=\"elementor-field-label elementor-screen-only\">\n\t\t\t\t\t\t\t\tNachricht\t\t\t\t\t\t\t<\/label>\n\t\t\t\t\t\t<textarea class=\"elementor-field-textual elementor-field  elementor-size-sm\" name=\"form_fields[message]\" id=\"form-field-message\" rows=\"4\" placeholder=\"Nachricht\"><\/textarea>\t\t\t\t<\/div>\n\t\t\t\t\t\t\t\t<div class=\"elementor-field-type-recaptcha elementor-field-group elementor-column elementor-field-group-field_ac76932 elementor-col-100\">\n\t\t\t\t\t<div class=\"elementor-field\" id=\"form-field-field_ac76932\"><div class=\"elementor-g-recaptcha\" data-sitekey=\"6LdXOu4pAAAAAPCRIrmwOm-lpU1LcFU-g-9LyNIo\" data-type=\"v2_checkbox\" data-theme=\"light\" data-size=\"normal\"><\/div><\/div>\t\t\t\t<\/div>\n\t\t\t\t\t\t\t\t<div class=\"elementor-field-type-text\">\n\t\t\t\t\t<input size=\"1\" type=\"text\" name=\"form_fields[field_da7c06b]\" id=\"form-field-field_da7c06b\" class=\"elementor-field elementor-size-sm \" style=\"display:none !important;\">\t\t\t\t<\/div>\n\t\t\t\t\t\t\t\t<div class=\"elementor-field-type-text\">\n\t\t\t\t\t<input size=\"1\" type=\"text\" name=\"form_fields[field_52689c5]\" id=\"form-field-field_52689c5\" class=\"elementor-field elementor-size-sm \" style=\"display:none !important;\">\t\t\t\t<\/div>\n\t\t\t\t\t\t\t\t<div class=\"elementor-field-group elementor-column elementor-field-type-submit elementor-col-100 e-form__buttons\">\n\t\t\t\t\t<button class=\"elementor-button elementor-size-sm\" type=\"submit\">\n\t\t\t\t\t\t<span class=\"elementor-button-content-wrapper\">\n\t\t\t\t\t\t\t\t\t\t\t\t\t\t\t\t\t\t\t\t\t\t<span class=\"elementor-button-text\">Nachricht absenden *<\/span>\n\t\t\t\t\t\t\t\t\t\t\t\t\t<\/span>\n\t\t\t\t\t<\/button>\n\t\t\t\t<\/div>\n\t\t\t<\/div>\n\t\t<\/form>\n\t\t\t\t\t\t<\/div>\n\t\t\t\t<div class=\"elementor-element elementor-element-46b053a elementor-widget elementor-widget-text-editor\" data-id=\"46b053a\" data-element_type=\"widget\" data-e-type=\"widget\" data-widget_type=\"text-editor.default\">\n\t\t\t\t\t\t\t\t\t<div class=\"elementor-element elementor-element-b6e83a9 elementor-widget elementor-widget-text-editor\" data-id=\"b6e83a9\" data-element_type=\"widget\" data-widget_type=\"text-editor.default\"><div class=\"elementor-widget-container\">* Mit dem Absenden deiner Nachricht erkl\u00e4rst du dich einverstanden, dass deine Daten https verschl\u00fcsselt zum Zwecke der Weiterverarbeitung an mich \u00fcbertragen werden. Deine Daten werden NICHT an Dritte weiter gegeben. <a href=\"https:\/\/christophneuwirth.com\/datenschutz\/\" target=\"_blank\" rel=\"noopener\">Mehr Informationen und wie wir deinen Daten sch\u00fctzen, findest du in unserer Datenschutzerkl\u00e4rung<\/a>.<\/div><\/div>\t\t\t\t\t\t\t\t<\/div>\n\t\t\t\t\t<\/div>\n\t\t\t\t<\/div>\n\t\t\t\t<\/div>\n\t\t","protected":false},"excerpt":{"rendered":"<p>* Mit dem Absenden deiner Nachricht erkl\u00e4rst du dich einverstanden, dass deine Daten https verschl\u00fcsselt zum Zwecke der Weiterverarbeitung an mich \u00fcbertragen werden. Deine Daten werden NICHT an Dritte weiter gegeben. Mehr Informationen und wie wir deinen Daten sch\u00fctzen, findest du in unserer Datenschutzerkl\u00e4rung.<\/p>","protected":false},"author":2,"featured_media":0,"parent":0,"menu_order":0,"comment_status":"closed","ping_status":"closed","template":"","meta":{"_acf_changed":false,"nf_dc_page":"","site-sidebar-layout":"no-sidebar","site-content-layout":"page-builder","ast-site-content-layout":"default","site-content-style":"default","site-sidebar-style":"default","ast-global-header-display":"","ast-banner-title-visibility":"","ast-main-header-display":"","ast-hfb-above-header-display":"","ast-hfb-below-header-display":"","ast-hfb-mobile-header-display":"","site-post-title":"disabled","ast-breadcrumbs-content":"","ast-featured-img":"disabled","footer-sml-layout":"","ast-disable-related-posts":"","theme-transparent-header-meta":"","adv-header-id-meta":"","stick-header-meta":"","header-above-stick-meta":"","header-main-stick-meta":"","header-below-stick-meta":"","astra-migrate-meta-layouts":"default","ast-page-background-enabled":"default","ast-page-background-meta":{"desktop":{"background-color":"var(--ast-global-color-4)","background-image":"","background-repeat":"repeat","background-position":"center center","background-size":"auto","background-attachment":"scroll","background-type":"","background-media":"","overlay-type":"","overlay-color":"","overlay-opacity":"","overlay-gradient":""},"tablet":{"background-color":"","background-image":"","background-repeat":"repeat","background-position":"center center","background-size":"auto","background-attachment":"scroll","background-type":"","background-media":"","overlay-type":"","overlay-color":"","overlay-opacity":"","overlay-gradient":""},"mobile":{"background-color":"","background-image":"","background-repeat":"repeat","background-position":"center center","background-size":"auto","background-attachment":"scroll","background-type":"","background-media":"","overlay-type":"","overlay-color":"","overlay-opacity":"","overlay-gradient":""}},"ast-content-background-meta":{"desktop":{"background-color":"var(--ast-global-color-5)","background-image":"","background-repeat":"repeat","background-position":"center center","background-size":"auto","background-attachment":"scroll","background-type":"","background-media":"","overlay-type":"","overlay-color":"","overlay-opacity":"","overlay-gradient":""},"tablet":{"background-color":"var(--ast-global-color-5)","background-image":"","background-repeat":"repeat","background-position":"center center","background-size":"auto","background-attachment":"scroll","background-type":"","background-media":"","overlay-type":"","overlay-color":"","overlay-opacity":"","overlay-gradient":""},"mobile":{"background-color":"var(--ast-global-color-5)","background-image":"","background-repeat":"repeat","background-position":"center center","background-size":"auto","background-attachment":"scroll","background-type":"","background-media":"","overlay-type":"","overlay-color":"","overlay-opacity":"","overlay-gradient":""}},"footnotes":""},"class_list":["post-52","page","type-page","status-publish","hentry"],"acf":[],"yoast_head":"<!-- This site is optimized with the Yoast SEO plugin v27.4 - https:\/\/yoast.com\/product\/yoast-seo-wordpress\/ -->\n<title>Kontakt - Christoph Neuwirth<\/title>\n<meta name=\"robots\" content=\"index, follow, max-snippet:-1, max-image-preview:large, max-video-preview:-1\" \/>\n<link rel=\"canonical\" href=\"https:\/\/christophneuwirth.com\/en\/kontakt\/\" \/>\n<meta property=\"og:locale\" content=\"en_US\" \/>\n<meta property=\"og:type\" content=\"article\" \/>\n<meta property=\"og:title\" content=\"Kontakt - Christoph Neuwirth\" \/>\n<meta property=\"og:description\" content=\"* Mit dem Absenden deiner Nachricht erkl\u00e4rst du dich einverstanden, dass deine Daten https verschl\u00fcsselt zum Zwecke der Weiterverarbeitung an mich \u00fcbertragen werden. Deine Daten werden NICHT an Dritte weiter gegeben. Mehr Informationen und wie wir deinen Daten sch\u00fctzen, findest du in unserer Datenschutzerkl\u00e4rung.\" \/>\n<meta property=\"og:url\" content=\"https:\/\/christophneuwirth.com\/en\/kontakt\/\" \/>\n<meta property=\"og:site_name\" content=\"Christoph Neuwirth\" \/>\n<meta property=\"article:modified_time\" content=\"2024-06-01T07:56:47+00:00\" \/>\n<meta name=\"twitter:card\" content=\"summary_large_image\" \/>\n<meta name=\"twitter:label1\" content=\"Est. reading time\" \/>\n\t<meta name=\"twitter:data1\" content=\"1 minute\" \/>\n<script type=\"application\/ld+json\" class=\"yoast-schema-graph\">{\"@context\":\"https:\\\/\\\/schema.org\",\"@graph\":[{\"@type\":\"WebPage\",\"@id\":\"https:\\\/\\\/christophneuwirth.com\\\/kontakt\\\/\",\"url\":\"https:\\\/\\\/christophneuwirth.com\\\/kontakt\\\/\",\"name\":\"Kontakt - Christoph Neuwirth\",\"isPartOf\":{\"@id\":\"http:\\\/\\\/christophneuwirth.com\\\/#website\"},\"datePublished\":\"2022-06-30T23:20:42+00:00\",\"dateModified\":\"2024-06-01T07:56:47+00:00\",\"breadcrumb\":{\"@id\":\"https:\\\/\\\/christophneuwirth.com\\\/kontakt\\\/#breadcrumb\"},\"inLanguage\":\"en-US\",\"potentialAction\":[{\"@type\":\"ReadAction\",\"target\":[\"https:\\\/\\\/christophneuwirth.com\\\/kontakt\\\/\"]}]},{\"@type\":\"BreadcrumbList\",\"@id\":\"https:\\\/\\\/christophneuwirth.com\\\/kontakt\\\/#breadcrumb\",\"itemListElement\":[{\"@type\":\"ListItem\",\"position\":1,\"name\":\"Home\",\"item\":\"https:\\\/\\\/christophneuwirth.com\\\/\"},{\"@type\":\"ListItem\",\"position\":2,\"name\":\"Kontakt\"}]},{\"@type\":\"WebSite\",\"@id\":\"http:\\\/\\\/christophneuwirth.com\\\/#website\",\"url\":\"http:\\\/\\\/christophneuwirth.com\\\/\",\"name\":\"Christoph Neuwirth\",\"description\":\"Kursplattform\",\"publisher\":{\"@id\":\"http:\\\/\\\/christophneuwirth.com\\\/#organization\"},\"potentialAction\":[{\"@type\":\"SearchAction\",\"target\":{\"@type\":\"EntryPoint\",\"urlTemplate\":\"http:\\\/\\\/christophneuwirth.com\\\/?s={search_term_string}\"},\"query-input\":{\"@type\":\"PropertyValueSpecification\",\"valueRequired\":true,\"valueName\":\"search_term_string\"}}],\"inLanguage\":\"en-US\"},{\"@type\":\"Organization\",\"@id\":\"http:\\\/\\\/christophneuwirth.com\\\/#organization\",\"name\":\"Christoph Neuwirth\",\"url\":\"http:\\\/\\\/christophneuwirth.com\\\/\",\"logo\":{\"@type\":\"ImageObject\",\"inLanguage\":\"en-US\",\"@id\":\"http:\\\/\\\/christophneuwirth.com\\\/#\\\/schema\\\/logo\\\/image\\\/\",\"url\":\"https:\\\/\\\/i0.wp.com\\\/christophneuwirth.com\\\/wp-content\\\/uploads\\\/2022\\\/06\\\/ChristophN-03-transaprent.png?fit=218%2C250&ssl=1\",\"contentUrl\":\"https:\\\/\\\/i0.wp.com\\\/christophneuwirth.com\\\/wp-content\\\/uploads\\\/2022\\\/06\\\/ChristophN-03-transaprent.png?fit=218%2C250&ssl=1\",\"width\":218,\"height\":250,\"caption\":\"Christoph Neuwirth\"},\"image\":{\"@id\":\"http:\\\/\\\/christophneuwirth.com\\\/#\\\/schema\\\/logo\\\/image\\\/\"}}]}<\/script>\n<!-- \/ Yoast SEO plugin. -->","yoast_head_json":{"title":"Kontakt - Christoph Neuwirth","robots":{"index":"index","follow":"follow","max-snippet":"max-snippet:-1","max-image-preview":"max-image-preview:large","max-video-preview":"max-video-preview:-1"},"canonical":"https:\/\/christophneuwirth.com\/en\/kontakt\/","og_locale":"en_US","og_type":"article","og_title":"Kontakt - Christoph Neuwirth","og_description":"* Mit dem Absenden deiner Nachricht erkl\u00e4rst du dich einverstanden, dass deine Daten https verschl\u00fcsselt zum Zwecke der Weiterverarbeitung an mich \u00fcbertragen werden. Deine Daten werden NICHT an Dritte weiter gegeben. Mehr Informationen und wie wir deinen Daten sch\u00fctzen, findest du in unserer Datenschutzerkl\u00e4rung.","og_url":"https:\/\/christophneuwirth.com\/en\/kontakt\/","og_site_name":"Christoph Neuwirth","article_modified_time":"2024-06-01T07:56:47+00:00","twitter_card":"summary_large_image","twitter_misc":{"Est. reading time":"1 minute"},"schema":{"@context":"https:\/\/schema.org","@graph":[{"@type":"WebPage","@id":"https:\/\/christophneuwirth.com\/kontakt\/","url":"https:\/\/christophneuwirth.com\/kontakt\/","name":"Kontakt - Christoph Neuwirth","isPartOf":{"@id":"http:\/\/christophneuwirth.com\/#website"},"datePublished":"2022-06-30T23:20:42+00:00","dateModified":"2024-06-01T07:56:47+00:00","breadcrumb":{"@id":"https:\/\/christophneuwirth.com\/kontakt\/#breadcrumb"},"inLanguage":"en-US","potentialAction":[{"@type":"ReadAction","target":["https:\/\/christophneuwirth.com\/kontakt\/"]}]},{"@type":"BreadcrumbList","@id":"https:\/\/christophneuwirth.com\/kontakt\/#breadcrumb","itemListElement":[{"@type":"ListItem","position":1,"name":"Home","item":"https:\/\/christophneuwirth.com\/"},{"@type":"ListItem","position":2,"name":"Kontakt"}]},{"@type":"WebSite","@id":"http:\/\/christophneuwirth.com\/#website","url":"http:\/\/christophneuwirth.com\/","name":"Christoph Neuwirth","description":"Kursplattform","publisher":{"@id":"http:\/\/christophneuwirth.com\/#organization"},"potentialAction":[{"@type":"SearchAction","target":{"@type":"EntryPoint","urlTemplate":"http:\/\/christophneuwirth.com\/?s={search_term_string}"},"query-input":{"@type":"PropertyValueSpecification","valueRequired":true,"valueName":"search_term_string"}}],"inLanguage":"en-US"},{"@type":"Organization","@id":"http:\/\/christophneuwirth.com\/#organization","name":"Christoph Neuwirth","url":"http:\/\/christophneuwirth.com\/","logo":{"@type":"ImageObject","inLanguage":"en-US","@id":"http:\/\/christophneuwirth.com\/#\/schema\/logo\/image\/","url":"https:\/\/i0.wp.com\/christophneuwirth.com\/wp-content\/uploads\/2022\/06\/ChristophN-03-transaprent.png?fit=218%2C250&ssl=1","contentUrl":"https:\/\/i0.wp.com\/christophneuwirth.com\/wp-content\/uploads\/2022\/06\/ChristophN-03-transaprent.png?fit=218%2C250&ssl=1","width":218,"height":250,"caption":"Christoph Neuwirth"},"image":{"@id":"http:\/\/christophneuwirth.com\/#\/schema\/logo\/image\/"}}]}},"jetpack_sharing_enabled":true,"_links":{"self":[{"href":"https:\/\/christophneuwirth.com\/en\/wp-json\/wp\/v2\/pages\/52","targetHints":{"allow":["GET"]}}],"collection":[{"href":"https:\/\/christophneuwirth.com\/en\/wp-json\/wp\/v2\/pages"}],"about":[{"href":"https:\/\/christophneuwirth.com\/en\/wp-json\/wp\/v2\/types\/page"}],"author":[{"embeddable":true,"href":"https:\/\/christophneuwirth.com\/en\/wp-json\/wp\/v2\/users\/2"}],"replies":[{"embeddable":true,"href":"https:\/\/christophneuwirth.com\/en\/wp-json\/wp\/v2\/comments?post=52"}],"version-history":[{"count":5,"href":"https:\/\/christophneuwirth.com\/en\/wp-json\/wp\/v2\/pages\/52\/revisions"}],"predecessor-version":[{"id":6969,"href":"https:\/\/christophneuwirth.com\/en\/wp-json\/wp\/v2\/pages\/52\/revisions\/6969"}],"wp:attachment":[{"href":"https:\/\/christophneuwirth.com\/en\/wp-json\/wp\/v2\/media?parent=52"}],"curies":[{"name":"wp","href":"https:\/\/api.w.org\/{rel}","templated":true}]}}